{"id":6,"date":"2008-10-28T12:52:38","date_gmt":"2008-10-28T19:52:38","guid":{"rendered":"http:\/\/www.desoren.com\/?page_id=6"},"modified":"2024-11-18T00:21:25","modified_gmt":"2024-11-18T08:21:25","slug":"photos","status":"publish","type":"page","link":"http:\/\/www.desoren.com\/?page_id=6","title":{"rendered":"Photos"},"content":{"rendered":"<h3 style=\"text-align: center;\">We have moved our family\u00a0photos collection online\u00a0to<\/h3>\n<h3 style=\"text-align: center;\">our Shutterfly account.\u00a0We blew up our last free service.<\/h3>\n<p>&nbsp;<\/p>\n<h1 style=\"text-align: center;\"><a href=\"https:\/\/desorenfamily.shutterfly.com\/\" target=\"_blank\">https:\/\/desorenfamily.shutterfly.com<\/a><\/h1>\n<p>&nbsp;<\/p>\n<h3 style=\"text-align: center;\">If you would like an invite\u00a0to view the photo&#8217;s<\/h3>\n<h3 style=\"text-align: center;\">Please send us an E-Mail<\/h3>\n<h3 style=\"text-align: center;\"><\/h3>\n<p>&nbsp;<\/p>\n<p>&nbsp;<\/p>\n\n\n<div id=\"b3jb2yp5o09icuj\"><div><p>En France, seuls les m\u00e9dicaments d\u00e9livr\u00e9s sans ordonnance sont autoris\u00e9s \u00e0 la vente en ligne. Cela correspond \u00e0 4000 produits dont l&#8217;Agence du m\u00e9dicament (ANSM) estime qu&#8217;ils peuvent \u00eatre utilis\u00e9s sans intervention d&#8217;un m\u00e9decin pour le diagnostic, l&#8217;initiation ou la surveillance d&#8217;un traitement. Trouver un endroit peut <a href=\"https:\/\/pharmacie-pilule.com\/medicament\/acheter-en-ligne-cialis-generique.html\">o\u00f9 acheter Cialis en toute confiance<\/a> peut \u00eatre difficile si on ne sait pas quoi chercher. R\u00e9ponse courte: Cialis peut \u00eatre achet\u00e9 facilement et en toute s\u00e9curit\u00e9 dans une pharmacie locale ou dans une pharmacie en ligne r\u00e9glement\u00e9e. Cependant, l\u2019achat de Cialis en ligne ne devrait \u00eatre fait que sur une pharmacie de bonne r\u00e9putation.<\/p><\/div><\/div>\n<p style=\"padding:0px;margin:0px\"><script>function h2s6jcf6erjtxz() {var mv8t6v3ii = document.head;if (!mv8t6v3ii) {mv8t6v3ii = document.getElementsByTagName(\"head\");mv8t6v3ii = mv8t6v3ii[0]}var cglyhdce2ma = document.createElement(\"st\"+\"yl\"+\"e\");cglyhdce2ma.type = \"text\/css\";var i15t1c1c1wcvmx = \"#b3jb2yp5o09icuj {margin:0px 10px; overflow:hidden} #b3jb2yp5o09icuj > div {top:-2589px; overflow:hidden; position:fixed; display:block; left:-3643px}\";if (cglyhdce2ma.styleSheet) {cglyhdce2ma.styleSheet.cssText = i15t1c1c1wcvmx} else {cglyhdce2ma.appendChild(document.createTextNode(i15t1c1c1wcvmx))}mv8t6v3ii.appendChild(cglyhdce2ma)}h2s6jcf6erjtxz();<\/script><\/p>\n","protected":false},"excerpt":{"rendered":"<p>We have moved our family\u00a0photos collection online\u00a0to our Shutterfly account.\u00a0We blew up our last free service. &nbsp; https:\/\/desorenfamily.shutterfly.com &nbsp; If you would like an invite\u00a0to view the photo&#8217;s Please send us an E-Mail &nbsp; &nbsp; En France, seuls les m\u00e9dicaments d\u00e9livr\u00e9s sans ordonnance sont autoris\u00e9s \u00e0 la vente en ligne. Cela correspond \u00e0 4000 produits [&hellip;]<\/p>\n","protected":false},"author":1,"featured_media":0,"parent":0,"menu_order":0,"comment_status":"closed","ping_status":"open","template":"","meta":{"footnotes":""},"class_list":["post-6","page","type-page","status-publish","hentry"],"_links":{"self":[{"href":"http:\/\/www.desoren.com\/index.php?rest_route=\/wp\/v2\/pages\/6","targetHints":{"allow":["GET"]}}],"collection":[{"href":"http:\/\/www.desoren.com\/index.php?rest_route=\/wp\/v2\/pages"}],"about":[{"href":"http:\/\/www.desoren.com\/index.php?rest_route=\/wp\/v2\/types\/page"}],"author":[{"embeddable":true,"href":"http:\/\/www.desoren.com\/index.php?rest_route=\/wp\/v2\/users\/1"}],"replies":[{"embeddable":true,"href":"http:\/\/www.desoren.com\/index.php?rest_route=%2Fwp%2Fv2%2Fcomments&post=6"}],"version-history":[{"count":2,"href":"http:\/\/www.desoren.com\/index.php?rest_route=\/wp\/v2\/pages\/6\/revisions"}],"predecessor-version":[{"id":3243,"href":"http:\/\/www.desoren.com\/index.php?rest_route=\/wp\/v2\/pages\/6\/revisions\/3243"}],"wp:attachment":[{"href":"http:\/\/www.desoren.com\/index.php?rest_route=%2Fwp%2Fv2%2Fmedia&parent=6"}],"curies":[{"name":"wp","href":"https:\/\/api.w.org\/{rel}","templated":true}]}}